{"id":229,"date":"2026-04-17T08:25:18","date_gmt":"2026-04-17T08:25:18","guid":{"rendered":"https:\/\/roletysiesta.pl\/sklep\/?post_type=product&#038;p=229"},"modified":"2026-04-17T08:28:40","modified_gmt":"2026-04-17T08:28:40","slug":"probki-tkanin","status":"publish","type":"product","link":"https:\/\/roletysiesta.pl\/sklep\/produkt\/probki-tkanin\/","title":{"rendered":"Pr\u00f3bki tkanin"},"content":{"rendered":"<p>zam\u00f3w pr\u00f3bki tkanin dla Rolet Siesta<\/p>\n","protected":false},"excerpt":{"rendered":"<p>zam\u00f3w pr\u00f3bki tkanin dla Rolet Siesta<\/p>\n","protected":false},"featured_media":232,"template":"","meta":{"pagelayer_contact_templates":[],"_pagelayer_content":""},"product_brand":[],"product_cat":[16],"product_tag":[],"class_list":{"0":"post-229","1":"product","2":"type-product","3":"status-publish","4":"has-post-thumbnail","6":"product_cat-bez-kategorii","8":"first","9":"instock","10":"shipping-taxable","11":"purchasable","12":"product-type-simple"},"jetpack_sharing_enabled":true,"_links":{"self":[{"href":"https:\/\/roletysiesta.pl\/sklep\/wp-json\/wp\/v2\/product\/229","targetHints":{"allow":["GET"]}}],"collection":[{"href":"https:\/\/roletysiesta.pl\/sklep\/wp-json\/wp\/v2\/product"}],"about":[{"href":"https:\/\/roletysiesta.pl\/sklep\/wp-json\/wp\/v2\/types\/product"}],"wp:featuredmedia":[{"embeddable":true,"href":"https:\/\/roletysiesta.pl\/sklep\/wp-json\/wp\/v2\/media\/232"}],"wp:attachment":[{"href":"https:\/\/roletysiesta.pl\/sklep\/wp-json\/wp\/v2\/media?parent=229"}],"wp:term":[{"taxonomy":"product_brand","embeddable":true,"href":"https:\/\/roletysiesta.pl\/sklep\/wp-json\/wp\/v2\/product_brand?post=229"},{"taxonomy":"product_cat","embeddable":true,"href":"https:\/\/roletysiesta.pl\/sklep\/wp-json\/wp\/v2\/product_cat?post=229"},{"taxonomy":"product_tag","embeddable":true,"href":"https:\/\/roletysiesta.pl\/sklep\/wp-json\/wp\/v2\/product_tag?post=229"}],"curies":[{"name":"wp","href":"https:\/\/api.w.org\/{rel}","templated":true}]}}