{"id":28,"date":"2026-02-24T15:40:53","date_gmt":"2026-02-24T15:40:53","guid":{"rendered":"https:\/\/roletysiesta.pl\/sklep\/?post_type=product&#038;p=28"},"modified":"2026-05-05T10:19:39","modified_gmt":"2026-05-05T10:19:39","slug":"28","status":"publish","type":"product","link":"https:\/\/roletysiesta.pl\/sklep\/produkt\/28\/","title":{"rendered":"Roleta rzymska SIESTA"},"content":{"rendered":"<p>Dzi\u0119ki r\u00f3\u017cnorodno\u015bci wzor\u00f3w i kolor\u00f3w, mo\u017cesz dopasowa\u0107 rolet\u0119 do stylu swojego tarasu lub ogrodu, tworz\u0105c harmonijn\u0105 ca\u0142o\u015b\u0107. Nasze rolety wykonane s\u0105 z materia\u0142\u00f3w odpornych na warunki atmosferyczne, co zapewnia d\u0142ugotrwa\u0142e u\u017cytkowanie i estetyczny wygl\u0105d przez ca\u0142y rok.<\/p>\n<div id='gallery-1' class='gallery galleryid-28 gallery-columns-4 gallery-size-full'><figure class='gallery-item'>\n\t\t\t<div class='gallery-icon landscape'>\n\t\t\t\t<a href='https:\/\/roletysiesta.pl\/sklep\/wp-content\/uploads\/2026\/02\/roleta_white_03.jpg'><img loading=\"lazy\" decoding=\"async\" width=\"1000\" height=\"1000\" src=\"https:\/\/roletysiesta.pl\/sklep\/wp-content\/uploads\/2026\/02\/roleta_white_03.jpg\" class=\"attachment-full size-full\" alt=\"\" aria-describedby=\"gallery-1-179\" srcset=\"https:\/\/roletysiesta.pl\/sklep\/wp-content\/uploads\/2026\/02\/roleta_white_03.jpg 1000w, https:\/\/roletysiesta.pl\/sklep\/wp-content\/uploads\/2026\/02\/roleta_white_03-300x300.jpg 300w, https:\/\/roletysiesta.pl\/sklep\/wp-content\/uploads\/2026\/02\/roleta_white_03-150x150.jpg 150w, https:\/\/roletysiesta.pl\/sklep\/wp-content\/uploads\/2026\/02\/roleta_white_03-768x768.jpg 768w, https:\/\/roletysiesta.pl\/sklep\/wp-content\/uploads\/2026\/02\/roleta_white_03-920x920.jpg 920w, https:\/\/roletysiesta.pl\/sklep\/wp-content\/uploads\/2026\/02\/roleta_white_03-575x575.jpg 575w, https:\/\/roletysiesta.pl\/sklep\/wp-content\/uploads\/2026\/02\/roleta_white_03-380x380.jpg 380w, https:\/\/roletysiesta.pl\/sklep\/wp-content\/uploads\/2026\/02\/roleta_white_03-420x420.jpg 420w, https:\/\/roletysiesta.pl\/sklep\/wp-content\/uploads\/2026\/02\/roleta_white_03-800x800.jpg 800w, https:\/\/roletysiesta.pl\/sklep\/wp-content\/uploads\/2026\/02\/roleta_white_03-100x100.jpg 100w\" sizes=\"auto, (max-width: 1000px) 100vw, 1000px\" \/><\/a>\n\t\t\t<\/div>\n\t\t\t\t<figcaption class='wp-caption-text gallery-caption' id='gallery-1-179'>\n\t\t\t\tBIA\u0141Y\n\t\t\t\t<\/figcaption><\/figure><figure class='gallery-item'>\n\t\t\t<div class='gallery-icon landscape'>\n\t\t\t\t<a href='https:\/\/roletysiesta.pl\/sklep\/wp-content\/uploads\/2026\/02\/roleta_szary_03.jpg'><img loading=\"lazy\" decoding=\"async\" width=\"1000\" height=\"1000\" src=\"https:\/\/roletysiesta.pl\/sklep\/wp-content\/uploads\/2026\/02\/roleta_szary_03.jpg\" class=\"attachment-full size-full\" alt=\"\" aria-describedby=\"gallery-1-178\" srcset=\"https:\/\/roletysiesta.pl\/sklep\/wp-content\/uploads\/2026\/02\/roleta_szary_03.jpg 1000w, https:\/\/roletysiesta.pl\/sklep\/wp-content\/uploads\/2026\/02\/roleta_szary_03-300x300.jpg 300w, https:\/\/roletysiesta.pl\/sklep\/wp-content\/uploads\/2026\/02\/roleta_szary_03-150x150.jpg 150w, https:\/\/roletysiesta.pl\/sklep\/wp-content\/uploads\/2026\/02\/roleta_szary_03-768x768.jpg 768w, https:\/\/roletysiesta.pl\/sklep\/wp-content\/uploads\/2026\/02\/roleta_szary_03-920x920.jpg 920w, https:\/\/roletysiesta.pl\/sklep\/wp-content\/uploads\/2026\/02\/roleta_szary_03-575x575.jpg 575w, https:\/\/roletysiesta.pl\/sklep\/wp-content\/uploads\/2026\/02\/roleta_szary_03-380x380.jpg 380w, https:\/\/roletysiesta.pl\/sklep\/wp-content\/uploads\/2026\/02\/roleta_szary_03-420x420.jpg 420w, https:\/\/roletysiesta.pl\/sklep\/wp-content\/uploads\/2026\/02\/roleta_szary_03-800x800.jpg 800w, https:\/\/roletysiesta.pl\/sklep\/wp-content\/uploads\/2026\/02\/roleta_szary_03-100x100.jpg 100w\" sizes=\"auto, (max-width: 1000px) 100vw, 1000px\" \/><\/a>\n\t\t\t<\/div>\n\t\t\t\t<figcaption class='wp-caption-text gallery-caption' id='gallery-1-178'>\n\t\t\t\tJASNY SZARY\n\t\t\t\t<\/figcaption><\/figure><figure class='gallery-item'>\n\t\t\t<div class='gallery-icon landscape'>\n\t\t\t\t<a href='https:\/\/roletysiesta.pl\/sklep\/wp-content\/uploads\/2026\/02\/roleta_grafit_03.jpg'><img loading=\"lazy\" decoding=\"async\" width=\"1000\" height=\"1000\" src=\"https:\/\/roletysiesta.pl\/sklep\/wp-content\/uploads\/2026\/02\/roleta_grafit_03.jpg\" class=\"attachment-full size-full\" alt=\"\" aria-describedby=\"gallery-1-177\" srcset=\"https:\/\/roletysiesta.pl\/sklep\/wp-content\/uploads\/2026\/02\/roleta_grafit_03.jpg 1000w, https:\/\/roletysiesta.pl\/sklep\/wp-content\/uploads\/2026\/02\/roleta_grafit_03-300x300.jpg 300w, https:\/\/roletysiesta.pl\/sklep\/wp-content\/uploads\/2026\/02\/roleta_grafit_03-150x150.jpg 150w, https:\/\/roletysiesta.pl\/sklep\/wp-content\/uploads\/2026\/02\/roleta_grafit_03-768x768.jpg 768w, https:\/\/roletysiesta.pl\/sklep\/wp-content\/uploads\/2026\/02\/roleta_grafit_03-920x920.jpg 920w, https:\/\/roletysiesta.pl\/sklep\/wp-content\/uploads\/2026\/02\/roleta_grafit_03-575x575.jpg 575w, https:\/\/roletysiesta.pl\/sklep\/wp-content\/uploads\/2026\/02\/roleta_grafit_03-380x380.jpg 380w, https:\/\/roletysiesta.pl\/sklep\/wp-content\/uploads\/2026\/02\/roleta_grafit_03-420x420.jpg 420w, https:\/\/roletysiesta.pl\/sklep\/wp-content\/uploads\/2026\/02\/roleta_grafit_03-800x800.jpg 800w, https:\/\/roletysiesta.pl\/sklep\/wp-content\/uploads\/2026\/02\/roleta_grafit_03-100x100.jpg 100w\" sizes=\"auto, (max-width: 1000px) 100vw, 1000px\" \/><\/a>\n\t\t\t<\/div>\n\t\t\t\t<figcaption class='wp-caption-text gallery-caption' id='gallery-1-177'>\n\t\t\t\tCIEMNY SZARY\n\t\t\t\t<\/figcaption><\/figure><figure class='gallery-item'>\n\t\t\t<div class='gallery-icon landscape'>\n\t\t\t\t<a href='https:\/\/roletysiesta.pl\/sklep\/wp-content\/uploads\/2026\/02\/roleta_cappuccino_03-1.jpg'><img loading=\"lazy\" decoding=\"async\" width=\"1000\" height=\"1000\" src=\"https:\/\/roletysiesta.pl\/sklep\/wp-content\/uploads\/2026\/02\/roleta_cappuccino_03-1.jpg\" class=\"attachment-full size-full\" alt=\"\" aria-describedby=\"gallery-1-333\" srcset=\"https:\/\/roletysiesta.pl\/sklep\/wp-content\/uploads\/2026\/02\/roleta_cappuccino_03-1.jpg 1000w, https:\/\/roletysiesta.pl\/sklep\/wp-content\/uploads\/2026\/02\/roleta_cappuccino_03-1-300x300.jpg 300w, https:\/\/roletysiesta.pl\/sklep\/wp-content\/uploads\/2026\/02\/roleta_cappuccino_03-1-150x150.jpg 150w, https:\/\/roletysiesta.pl\/sklep\/wp-content\/uploads\/2026\/02\/roleta_cappuccino_03-1-768x768.jpg 768w, https:\/\/roletysiesta.pl\/sklep\/wp-content\/uploads\/2026\/02\/roleta_cappuccino_03-1-920x920.jpg 920w, https:\/\/roletysiesta.pl\/sklep\/wp-content\/uploads\/2026\/02\/roleta_cappuccino_03-1-575x575.jpg 575w, https:\/\/roletysiesta.pl\/sklep\/wp-content\/uploads\/2026\/02\/roleta_cappuccino_03-1-380x380.jpg 380w, https:\/\/roletysiesta.pl\/sklep\/wp-content\/uploads\/2026\/02\/roleta_cappuccino_03-1-420x420.jpg 420w, https:\/\/roletysiesta.pl\/sklep\/wp-content\/uploads\/2026\/02\/roleta_cappuccino_03-1-800x800.jpg 800w, https:\/\/roletysiesta.pl\/sklep\/wp-content\/uploads\/2026\/02\/roleta_cappuccino_03-1-100x100.jpg 100w\" sizes=\"auto, (max-width: 1000px) 100vw, 1000px\" \/><\/a>\n\t\t\t<\/div>\n\t\t\t\t<figcaption class='wp-caption-text gallery-caption' id='gallery-1-333'>\n\t\t\t\tCAPPUCINO\n\t\t\t\t<\/figcaption><\/figure>\n\t\t<\/div>\n\n","protected":false},"excerpt":{"rendered":"<p>Roleta rzymska na taras lub do ogrodu to idealne rozwi\u0105zanie, kt\u00f3re \u0142\u0105czy estetyk\u0119 z funkcjonalno\u015bci\u0105, zapewniaj\u0105c ochron\u0119 przed s\u0142o\u0144cem i wiatrem. Wyposa\u017cona w aluminiowe rurki usztywniaj\u0105ce oraz nierdzewne elementy monta\u017cowe wraz z systemem sznurkowym do zwijania\/rozwijania rolety, gwarantuje trwa\u0142o\u015b\u0107 i \u0142atwo\u015b\u0107 obs\u0142ugi, a aluminiowe napy umo\u017cliwiaj\u0105 jej p\u0142ynne przesuwanie.<\/p>\n","protected":false},"featured_media":251,"template":"","meta":{"pagelayer_contact_templates":[],"_pagelayer_content":""},"product_brand":[],"product_cat":[26],"product_tag":[18,19],"class_list":{"0":"post-28","1":"product","2":"type-product","3":"status-publish","4":"has-post-thumbnail","6":"product_cat-rolety","7":"product_tag-roleta-rzymska","8":"product_tag-roleta-tarasowa","9":"pa_kolor-bialy","10":"pa_kolor-cappuccino","11":"pa_kolor-grafit","12":"pa_kolor-szary","13":"pa_rozmiar-rozmiar-3na4","14":"pa_rozmiar-rozmiar_3na3","16":"first","17":"outofstock","18":"shipping-taxable","19":"purchasable","20":"product-type-variable"},"jetpack_sharing_enabled":true,"_links":{"self":[{"href":"https:\/\/roletysiesta.pl\/sklep\/wp-json\/wp\/v2\/product\/28","targetHints":{"allow":["GET"]}}],"collection":[{"href":"https:\/\/roletysiesta.pl\/sklep\/wp-json\/wp\/v2\/product"}],"about":[{"href":"https:\/\/roletysiesta.pl\/sklep\/wp-json\/wp\/v2\/types\/product"}],"wp:featuredmedia":[{"embeddable":true,"href":"https:\/\/roletysiesta.pl\/sklep\/wp-json\/wp\/v2\/media\/251"}],"wp:attachment":[{"href":"https:\/\/roletysiesta.pl\/sklep\/wp-json\/wp\/v2\/media?parent=28"}],"wp:term":[{"taxonomy":"product_brand","embeddable":true,"href":"https:\/\/roletysiesta.pl\/sklep\/wp-json\/wp\/v2\/product_brand?post=28"},{"taxonomy":"product_cat","embeddable":true,"href":"https:\/\/roletysiesta.pl\/sklep\/wp-json\/wp\/v2\/product_cat?post=28"},{"taxonomy":"product_tag","embeddable":true,"href":"https:\/\/roletysiesta.pl\/sklep\/wp-json\/wp\/v2\/product_tag?post=28"}],"curies":[{"name":"wp","href":"https:\/\/api.w.org\/{rel}","templated":true}]}}